{"id":2947,"date":"2017-02-08T11:55:27","date_gmt":"2017-02-08T10:55:27","guid":{"rendered":"http:\/\/www.studioli.ch\/web\/?page_id=2947"},"modified":"2017-03-07T19:58:30","modified_gmt":"2017-03-07T18:58:30","slug":"agopuntura","status":"publish","type":"page","link":"https:\/\/www.studioli.ch\/web\/agopuntura\/","title":{"rendered":"Agopuntura"},"content":{"rendered":"<div class=\"wpb-content-wrapper\"><p>[vc_row top=&#8221;50px&#8221; bottom=&#8221;30px&#8221;][vc_column][vc_column_text]<\/p>\n<p style=\"text-align: justify;\">\u00c8 un metodo terapeutico fondamentale per la MTC da pi\u00f9 di duemila anni. Si pratica con aghi metallici sterilizzati monouso nei punti specifici dei meridiani. Gli aghi stimolano le energie interne e la circolazione sanguigna, al fine di sbloccare le zone ristagnanti, intasate e squilibrate, riducendo di conseguenza l\u2019infiammazione ed i dolori e rinforzando il sistema immunitario, sollecitando l\u2019autoguarigione del paziente, per ritrovare il suo equilibrio armonico fisico e psichico.<\/p>\n<p style=\"text-align: justify;\">Le misure degli aghi usati oggigiorno sono standardizzate dall&#8217;Ufficio Statale Cinese della Sanit\u00e0: il diametro varia tra 0,20 e 0,40 mm, la lunghezza tra 13 e 115 mm. Gli aghi sono talmente sottili che non provocano dolore quando s\u2019infilano sotto la cute, ma fanno solo sentire un po\u2019 di fastidio quando si utilizza la tecnica di tonificazione e dispersione energetica secondo il tipo delle cure.<\/p>\n<p style=\"text-align: justify;\">L\u2019agopuntura \u00e8 una terapia naturale senza nessun medicamento; \u00e8 una cura sicura senza effetti collaterali, salvo occasionali piccolissimi ematomi dovuti alla rottura di un capillare.<\/p>\n<p style=\"text-align: justify;\">Le patologie che possono essere curate sono numerosissime: dolori ai muscoli, alle articolazioni, ai tendini, ai legamenti, alle ossa ed ai nervi, emicrania, mal di testa, mal di denti, sinusite, rinite, congiuntivite, aritmia, alta o bassa pressione, vertigine, tosse, bronchite, asma, disturbi ginecologici, infertilit\u00e0, prostatite, mal di pancia, gonfiore o crampi alla pancia, stitichezza, diarrea, cistite, epatite, ansia, depressione e molti altri.<\/p>\n<p style=\"text-align: justify;\">Nella fase acuta si ottengono i risultati migliori, mentre nella fase cronica l&#8217;effetto \u00e8 pi\u00f9 lento. E&#8217; consigliabile farsi curare il pi\u00f9 presto possibile. Gli effetti dell\u2019agopuntura si differenziano da persona a persona, perch\u00e9 l\u2019energia interna non \u00e8 uguale per tutti, quindi ogni individuo reagisce in modo molto diverso.<\/p>\n<p>[\/vc_column_text][\/vc_column][\/vc_row]<\/p>\n<\/div>","protected":false},"excerpt":{"rendered":"<p>[vc_row top=&#8221;50px&#8221; bottom=&#8221;30px&#8221;][vc_column][vc_column_text] \u00c8 un metodo terapeutico fondamentale per la MTC da pi\u00f9 di duemila anni. Si pratica con aghi metallici sterilizzati monouso nei punti specifici dei meridiani. Gli aghi stimolano le energie interne e la circolazione sanguigna, al fine di sbloccare le zone ristagnanti, intasate e squilibrate, riducendo di conseguenza l\u2019infiammazione ed i dolori [&hellip;]<\/p>\n","protected":false},"author":1,"featured_media":0,"parent":0,"menu_order":0,"comment_status":"closed","ping_status":"closed","template":"page-full-width.php","meta":{"footnotes":""},"yoast_head":"<!-- This site is optimized with the Yoast SEO plugin v22.2 - https:\/\/yoast.com\/wordpress\/plugins\/seo\/ -->\n<title>Agopuntura - Studio Li - Fisioterapia e agopuntura<\/title>\n<meta name=\"robots\" content=\"index, follow, max-snippet:-1, max-image-preview:large, max-video-preview:-1\" \/>\n<link rel=\"canonical\" href=\"https:\/\/www.studioli.ch\/web\/agopuntura\/\" \/>\n<meta property=\"og:locale\" content=\"it_IT\" \/>\n<meta property=\"og:type\" content=\"article\" \/>\n<meta property=\"og:title\" content=\"Agopuntura - Studio Li - Fisioterapia e agopuntura\" \/>\n<meta property=\"og:description\" content=\"[vc_row top=&#8221;50px&#8221; bottom=&#8221;30px&#8221;][vc_column][vc_column_text] \u00c8 un metodo terapeutico fondamentale per la MTC da pi\u00f9 di duemila anni. Si pratica con aghi metallici sterilizzati monouso nei punti specifici dei meridiani. Gli aghi stimolano le energie interne e la circolazione sanguigna, al fine di sbloccare le zone ristagnanti, intasate e squilibrate, riducendo di conseguenza l\u2019infiammazione ed i dolori [&hellip;]\" \/>\n<meta property=\"og:url\" content=\"https:\/\/www.studioli.ch\/web\/agopuntura\/\" \/>\n<meta property=\"og:site_name\" content=\"Studio Li - Fisioterapia e agopuntura\" \/>\n<meta property=\"article:modified_time\" content=\"2017-03-07T18:58:30+00:00\" \/>\n<meta name=\"twitter:card\" content=\"summary_large_image\" \/>\n<meta name=\"twitter:label1\" content=\"Tempo di lettura stimato\" \/>\n\t<meta name=\"twitter:data1\" content=\"1 minuto\" \/>\n<script type=\"application\/ld+json\" class=\"yoast-schema-graph\">{\"@context\":\"https:\/\/schema.org\",\"@graph\":[{\"@type\":\"WebPage\",\"@id\":\"https:\/\/www.studioli.ch\/web\/agopuntura\/\",\"url\":\"https:\/\/www.studioli.ch\/web\/agopuntura\/\",\"name\":\"Agopuntura - Studio Li - Fisioterapia e agopuntura\",\"isPartOf\":{\"@id\":\"https:\/\/www.studioli.ch\/web\/#website\"},\"datePublished\":\"2017-02-08T10:55:27+00:00\",\"dateModified\":\"2017-03-07T18:58:30+00:00\",\"breadcrumb\":{\"@id\":\"https:\/\/www.studioli.ch\/web\/agopuntura\/#breadcrumb\"},\"inLanguage\":\"it-IT\",\"potentialAction\":[{\"@type\":\"ReadAction\",\"target\":[\"https:\/\/www.studioli.ch\/web\/agopuntura\/\"]}]},{\"@type\":\"BreadcrumbList\",\"@id\":\"https:\/\/www.studioli.ch\/web\/agopuntura\/#breadcrumb\",\"itemListElement\":[{\"@type\":\"ListItem\",\"position\":1,\"name\":\"Home\",\"item\":\"https:\/\/www.studioli.ch\/web\/\"},{\"@type\":\"ListItem\",\"position\":2,\"name\":\"Agopuntura\"}]},{\"@type\":\"WebSite\",\"@id\":\"https:\/\/www.studioli.ch\/web\/#website\",\"url\":\"https:\/\/www.studioli.ch\/web\/\",\"name\":\"Studio Li - Fisioterapia e agopuntura\",\"description\":\"Studio Li - Fisioterapia e agopuntura\",\"potentialAction\":[{\"@type\":\"SearchAction\",\"target\":{\"@type\":\"EntryPoint\",\"urlTemplate\":\"https:\/\/www.studioli.ch\/web\/?s={search_term_string}\"},\"query-input\":\"required name=search_term_string\"}],\"inLanguage\":\"it-IT\"}]}<\/script>\n<!-- \/ Yoast SEO plugin. -->","yoast_head_json":{"title":"Agopuntura - Studio Li - Fisioterapia e agopuntura","robots":{"index":"index","follow":"follow","max-snippet":"max-snippet:-1","max-image-preview":"max-image-preview:large","max-video-preview":"max-video-preview:-1"},"canonical":"https:\/\/www.studioli.ch\/web\/agopuntura\/","og_locale":"it_IT","og_type":"article","og_title":"Agopuntura - Studio Li - Fisioterapia e agopuntura","og_description":"[vc_row top=&#8221;50px&#8221; bottom=&#8221;30px&#8221;][vc_column][vc_column_text] \u00c8 un metodo terapeutico fondamentale per la MTC da pi\u00f9 di duemila anni. Si pratica con aghi metallici sterilizzati monouso nei punti specifici dei meridiani. Gli aghi stimolano le energie interne e la circolazione sanguigna, al fine di sbloccare le zone ristagnanti, intasate e squilibrate, riducendo di conseguenza l\u2019infiammazione ed i dolori [&hellip;]","og_url":"https:\/\/www.studioli.ch\/web\/agopuntura\/","og_site_name":"Studio Li - Fisioterapia e agopuntura","article_modified_time":"2017-03-07T18:58:30+00:00","twitter_card":"summary_large_image","twitter_misc":{"Tempo di lettura stimato":"1 minuto"},"schema":{"@context":"https:\/\/schema.org","@graph":[{"@type":"WebPage","@id":"https:\/\/www.studioli.ch\/web\/agopuntura\/","url":"https:\/\/www.studioli.ch\/web\/agopuntura\/","name":"Agopuntura - Studio Li - Fisioterapia e agopuntura","isPartOf":{"@id":"https:\/\/www.studioli.ch\/web\/#website"},"datePublished":"2017-02-08T10:55:27+00:00","dateModified":"2017-03-07T18:58:30+00:00","breadcrumb":{"@id":"https:\/\/www.studioli.ch\/web\/agopuntura\/#breadcrumb"},"inLanguage":"it-IT","potentialAction":[{"@type":"ReadAction","target":["https:\/\/www.studioli.ch\/web\/agopuntura\/"]}]},{"@type":"BreadcrumbList","@id":"https:\/\/www.studioli.ch\/web\/agopuntura\/#breadcrumb","itemListElement":[{"@type":"ListItem","position":1,"name":"Home","item":"https:\/\/www.studioli.ch\/web\/"},{"@type":"ListItem","position":2,"name":"Agopuntura"}]},{"@type":"WebSite","@id":"https:\/\/www.studioli.ch\/web\/#website","url":"https:\/\/www.studioli.ch\/web\/","name":"Studio Li - Fisioterapia e agopuntura","description":"Studio Li - Fisioterapia e agopuntura","potentialAction":[{"@type":"SearchAction","target":{"@type":"EntryPoint","urlTemplate":"https:\/\/www.studioli.ch\/web\/?s={search_term_string}"},"query-input":"required name=search_term_string"}],"inLanguage":"it-IT"}]}},"_links":{"self":[{"href":"https:\/\/www.studioli.ch\/web\/wp-json\/wp\/v2\/pages\/2947"}],"collection":[{"href":"https:\/\/www.studioli.ch\/web\/wp-json\/wp\/v2\/pages"}],"about":[{"href":"https:\/\/www.studioli.ch\/web\/wp-json\/wp\/v2\/types\/page"}],"author":[{"embeddable":true,"href":"https:\/\/www.studioli.ch\/web\/wp-json\/wp\/v2\/users\/1"}],"replies":[{"embeddable":true,"href":"https:\/\/www.studioli.ch\/web\/wp-json\/wp\/v2\/comments?post=2947"}],"version-history":[{"count":9,"href":"https:\/\/www.studioli.ch\/web\/wp-json\/wp\/v2\/pages\/2947\/revisions"}],"predecessor-version":[{"id":3511,"href":"https:\/\/www.studioli.ch\/web\/wp-json\/wp\/v2\/pages\/2947\/revisions\/3511"}],"wp:attachment":[{"href":"https:\/\/www.studioli.ch\/web\/wp-json\/wp\/v2\/media?parent=2947"}],"curies":[{"name":"wp","href":"https:\/\/api.w.org\/{rel}","templated":true}]}}