{"id":2959,"date":"2017-02-08T11:56:23","date_gmt":"2017-02-08T10:56:23","guid":{"rendered":"http:\/\/www.studioli.ch\/web\/?page_id=2959"},"modified":"2017-04-07T19:26:12","modified_gmt":"2017-04-07T17:26:12","slug":"tui-na","status":"publish","type":"page","link":"https:\/\/www.studioli.ch\/web\/tui-na\/","title":{"rendered":"Tuina"},"content":{"rendered":"<div class=\"wpb-content-wrapper\"><p>[vc_row top=&#8221;50px&#8221; bottom=&#8221;30px&#8221;][vc_column][vc_column_text]<\/p>\n<p style=\"text-align: justify;\">\u00c8 un tipo di massaggio terapeutico basilare della MTC, che ha lo stesso scopo dell&#8217;agopuntura: trovare le cause dei disturbi e quale \u00e8 l&#8217;organo colpito che provoca problemi. Si usano le dita facendo pressione su punti specifici dei meridiani interessati, oppure si usano i gomiti o gli avambracci. La Tuina ha tante tecniche: spingere, rotolare, vibrare, battere, afferrare, impastare, pizzicare, sfregare, scivolare, premere, frizionare e cos\u00ec via.<\/p>\n<p style=\"text-align: justify;\">Per i pazienti che hanno problemi con gli aghi, \u00e8 possibile utilizzare in alternativa la Tuina. Spesso tuttavia si usa assieme all&#8217;agopuntura, poich\u00e9 \u00e8 molto pi\u00f9 efficace per rilassare la muscolatura dove c\u2019\u00e8 una forte contrattura.<\/p>\n<p>[\/vc_column_text][\/vc_column][\/vc_row]<\/p>\n<\/div>","protected":false},"excerpt":{"rendered":"<p>[vc_row top=&#8221;50px&#8221; bottom=&#8221;30px&#8221;][vc_column][vc_column_text] \u00c8 un tipo di massaggio terapeutico basilare della MTC, che ha lo stesso scopo dell&#8217;agopuntura: trovare le cause dei disturbi e quale \u00e8 l&#8217;organo colpito che provoca problemi. Si usano le dita facendo pressione su punti specifici dei meridiani interessati, oppure si usano i gomiti o gli avambracci. La Tuina ha tante [&hellip;]<\/p>\n","protected":false},"author":1,"featured_media":0,"parent":0,"menu_order":0,"comment_status":"closed","ping_status":"closed","template":"page-full-width.php","meta":{"footnotes":""},"yoast_head":"<!-- This site is optimized with the Yoast SEO plugin v22.2 - https:\/\/yoast.com\/wordpress\/plugins\/seo\/ -->\n<title>Tuina - Studio Li - Fisioterapia e agopuntura<\/title>\n<meta name=\"robots\" content=\"index, follow, max-snippet:-1, max-image-preview:large, max-video-preview:-1\" \/>\n<link rel=\"canonical\" href=\"https:\/\/www.studioli.ch\/web\/tui-na\/\" \/>\n<meta property=\"og:locale\" content=\"it_IT\" \/>\n<meta property=\"og:type\" content=\"article\" \/>\n<meta property=\"og:title\" content=\"Tuina - Studio Li - Fisioterapia e agopuntura\" \/>\n<meta property=\"og:description\" content=\"[vc_row top=&#8221;50px&#8221; bottom=&#8221;30px&#8221;][vc_column][vc_column_text] \u00c8 un tipo di massaggio terapeutico basilare della MTC, che ha lo stesso scopo dell&#8217;agopuntura: trovare le cause dei disturbi e quale \u00e8 l&#8217;organo colpito che provoca problemi. Si usano le dita facendo pressione su punti specifici dei meridiani interessati, oppure si usano i gomiti o gli avambracci. La Tuina ha tante [&hellip;]\" \/>\n<meta property=\"og:url\" content=\"https:\/\/www.studioli.ch\/web\/tui-na\/\" \/>\n<meta property=\"og:site_name\" content=\"Studio Li - Fisioterapia e agopuntura\" \/>\n<meta property=\"article:modified_time\" content=\"2017-04-07T17:26:12+00:00\" \/>\n<meta name=\"twitter:card\" content=\"summary_large_image\" \/>\n<meta name=\"twitter:label1\" content=\"Tempo di lettura stimato\" \/>\n\t<meta name=\"twitter:data1\" content=\"1 minuto\" \/>\n<script type=\"application\/ld+json\" class=\"yoast-schema-graph\">{\"@context\":\"https:\/\/schema.org\",\"@graph\":[{\"@type\":\"WebPage\",\"@id\":\"https:\/\/www.studioli.ch\/web\/tui-na\/\",\"url\":\"https:\/\/www.studioli.ch\/web\/tui-na\/\",\"name\":\"Tuina - Studio Li - Fisioterapia e agopuntura\",\"isPartOf\":{\"@id\":\"https:\/\/www.studioli.ch\/web\/#website\"},\"datePublished\":\"2017-02-08T10:56:23+00:00\",\"dateModified\":\"2017-04-07T17:26:12+00:00\",\"breadcrumb\":{\"@id\":\"https:\/\/www.studioli.ch\/web\/tui-na\/#breadcrumb\"},\"inLanguage\":\"it-IT\",\"potentialAction\":[{\"@type\":\"ReadAction\",\"target\":[\"https:\/\/www.studioli.ch\/web\/tui-na\/\"]}]},{\"@type\":\"BreadcrumbList\",\"@id\":\"https:\/\/www.studioli.ch\/web\/tui-na\/#breadcrumb\",\"itemListElement\":[{\"@type\":\"ListItem\",\"position\":1,\"name\":\"Home\",\"item\":\"https:\/\/www.studioli.ch\/web\/\"},{\"@type\":\"ListItem\",\"position\":2,\"name\":\"Tuina\"}]},{\"@type\":\"WebSite\",\"@id\":\"https:\/\/www.studioli.ch\/web\/#website\",\"url\":\"https:\/\/www.studioli.ch\/web\/\",\"name\":\"Studio Li - Fisioterapia e agopuntura\",\"description\":\"Studio Li - Fisioterapia e agopuntura\",\"potentialAction\":[{\"@type\":\"SearchAction\",\"target\":{\"@type\":\"EntryPoint\",\"urlTemplate\":\"https:\/\/www.studioli.ch\/web\/?s={search_term_string}\"},\"query-input\":\"required name=search_term_string\"}],\"inLanguage\":\"it-IT\"}]}<\/script>\n<!-- \/ Yoast SEO plugin. -->","yoast_head_json":{"title":"Tuina - Studio Li - Fisioterapia e agopuntura","robots":{"index":"index","follow":"follow","max-snippet":"max-snippet:-1","max-image-preview":"max-image-preview:large","max-video-preview":"max-video-preview:-1"},"canonical":"https:\/\/www.studioli.ch\/web\/tui-na\/","og_locale":"it_IT","og_type":"article","og_title":"Tuina - Studio Li - Fisioterapia e agopuntura","og_description":"[vc_row top=&#8221;50px&#8221; bottom=&#8221;30px&#8221;][vc_column][vc_column_text] \u00c8 un tipo di massaggio terapeutico basilare della MTC, che ha lo stesso scopo dell&#8217;agopuntura: trovare le cause dei disturbi e quale \u00e8 l&#8217;organo colpito che provoca problemi. Si usano le dita facendo pressione su punti specifici dei meridiani interessati, oppure si usano i gomiti o gli avambracci. La Tuina ha tante [&hellip;]","og_url":"https:\/\/www.studioli.ch\/web\/tui-na\/","og_site_name":"Studio Li - Fisioterapia e agopuntura","article_modified_time":"2017-04-07T17:26:12+00:00","twitter_card":"summary_large_image","twitter_misc":{"Tempo di lettura stimato":"1 minuto"},"schema":{"@context":"https:\/\/schema.org","@graph":[{"@type":"WebPage","@id":"https:\/\/www.studioli.ch\/web\/tui-na\/","url":"https:\/\/www.studioli.ch\/web\/tui-na\/","name":"Tuina - Studio Li - Fisioterapia e agopuntura","isPartOf":{"@id":"https:\/\/www.studioli.ch\/web\/#website"},"datePublished":"2017-02-08T10:56:23+00:00","dateModified":"2017-04-07T17:26:12+00:00","breadcrumb":{"@id":"https:\/\/www.studioli.ch\/web\/tui-na\/#breadcrumb"},"inLanguage":"it-IT","potentialAction":[{"@type":"ReadAction","target":["https:\/\/www.studioli.ch\/web\/tui-na\/"]}]},{"@type":"BreadcrumbList","@id":"https:\/\/www.studioli.ch\/web\/tui-na\/#breadcrumb","itemListElement":[{"@type":"ListItem","position":1,"name":"Home","item":"https:\/\/www.studioli.ch\/web\/"},{"@type":"ListItem","position":2,"name":"Tuina"}]},{"@type":"WebSite","@id":"https:\/\/www.studioli.ch\/web\/#website","url":"https:\/\/www.studioli.ch\/web\/","name":"Studio Li - Fisioterapia e agopuntura","description":"Studio Li - Fisioterapia e agopuntura","potentialAction":[{"@type":"SearchAction","target":{"@type":"EntryPoint","urlTemplate":"https:\/\/www.studioli.ch\/web\/?s={search_term_string}"},"query-input":"required name=search_term_string"}],"inLanguage":"it-IT"}]}},"_links":{"self":[{"href":"https:\/\/www.studioli.ch\/web\/wp-json\/wp\/v2\/pages\/2959"}],"collection":[{"href":"https:\/\/www.studioli.ch\/web\/wp-json\/wp\/v2\/pages"}],"about":[{"href":"https:\/\/www.studioli.ch\/web\/wp-json\/wp\/v2\/types\/page"}],"author":[{"embeddable":true,"href":"https:\/\/www.studioli.ch\/web\/wp-json\/wp\/v2\/users\/1"}],"replies":[{"embeddable":true,"href":"https:\/\/www.studioli.ch\/web\/wp-json\/wp\/v2\/comments?post=2959"}],"version-history":[{"count":8,"href":"https:\/\/www.studioli.ch\/web\/wp-json\/wp\/v2\/pages\/2959\/revisions"}],"predecessor-version":[{"id":3405,"href":"https:\/\/www.studioli.ch\/web\/wp-json\/wp\/v2\/pages\/2959\/revisions\/3405"}],"wp:attachment":[{"href":"https:\/\/www.studioli.ch\/web\/wp-json\/wp\/v2\/media?parent=2959"}],"curies":[{"name":"wp","href":"https:\/\/api.w.org\/{rel}","templated":true}]}}